{"id":13,"date":"2018-08-28T21:29:11","date_gmt":"2018-08-28T21:29:11","guid":{"rendered":"http:\/\/rosa-royo-esques.es\/esp\/?page_id=13"},"modified":"2018-10-03T18:30:02","modified_gmt":"2018-10-03T18:30:02","slug":"enlaces","status":"publish","type":"page","link":"http:\/\/rosa-royo-esques.es\/esp\/enlaces\/","title":{"rendered":"Enlaces"},"content":{"rendered":"<ul>\n<li>COPC (<span lang=\"ES-TRAD\">Col\u00b7legi Oficial de Psic\u00f2legs de Catalunya<\/span>)\u00a0<span style=\"color: #ff6600;\"><a style=\"color: #ff6600;\" href=\"https:\/\/www.copc.cat\" target=\"_blank\" rel=\"noopener\">https:\/\/www.copc.cat<\/a><\/span><\/li>\n<li><span lang=\"ES\">COP \u00a0 (Consejo General de la Psicolog\u00eda de Espa\u00f1a) <span style=\"color: #ff6600;\"><a style=\"color: #ff6600;\" href=\"https:\/\/www.cop.es\" target=\"_blank\" rel=\"noopener\">https:\/\/www.cop.es<\/a><\/span><\/span><\/li>\n<li>SEP (Sociedad Espa\u00f1ola de Psicoan\u00e1lisis)\u00a0<span style=\"color: #ff6600;\"><a style=\"color: #ff6600;\" href=\"http:\/\/www.sep-psicoanalisi.org\/\" target=\"_blank\" rel=\"noopener\">www.sep-psicoanalisi.org<\/a><\/span><\/li>\n<li>IPA (International Psychoanalytical Society) <span style=\"color: #ff6600;\"><a style=\"color: #ff6600;\" href=\"http:\/\/www.ipa.world\/\" target=\"_blank\" rel=\"noopener\">www.ipa.world<\/a><\/span><\/li>\n<li>GAP\u00a0(Grup Assemblea Psicoanal\u00edtic)<\/li>\n<li>FVB (Fundaci\u00f3n vidal i Barraquer)\u00a0<span style=\"color: #ff6600;\"><cite><span lang=\"ES-TRAD\"><a style=\"color: #ff6600;\" href=\"http:\/\/www.fvb.cat\/\" target=\"_blank\" rel=\"noopener\">www.fvb.cat<\/a><\/span><\/cite><\/span><\/li>\n<li>SCRIMP <span lang=\"ES\">(Societat Catalana del Rorschach i M\u00e8todes Projectius)<\/span><span style=\"color: #ff6600;\">\u00a0<a style=\"color: #ff6600;\" href=\"https:\/\/www.rorschach.cat\" target=\"_blank\" rel=\"noopener\">https:\/\/www.rorschach.cat<\/a><\/span><\/li>\n<li>SERYMP (Sociedad Espa\u00f1ola del Rorschach y M\u00e9todos Proyectivos) <em><a href=\"http:\/\/rorschach.com.es\/\" target=\"_blank\" rel=\"noopener\"><span style=\"color: #ff6600;\">http:\/\/rorschach.com.es<\/span><\/a><\/em><\/li>\n<li>Amics de la Casa de la Paraula\u00a0<span style=\"color: #ff6600;\"><a style=\"color: #ff6600;\" href=\"http:\/\/www.lacasadelaparaula.com\/els-amics-de-la-casa\/\" target=\"_blank\" rel=\"noopener\">www.lacasadelaparaula.com\/els-amics-de-la-casa\/<\/a><\/span><\/li>\n<li><span lang=\"ES\">Winnicott Espa\u00f1a.<span style=\"color: #ff6600;\"><span style=\"color: #000000;\"><span style=\"color: #333333;\"> Public Group\/Facebook<\/span><\/span>\u00a0<a href=\"https:\/\/www.facebook.com\/groups\/1957293857917565\" target=\"_blank\" rel=\"noopener\"><span style=\"color: #ff6600;\">https:\/\/www.facebook.com\/groups\/1957293857917565<\/span><\/a><\/span><\/span><\/li>\n<li>ATe Asociaci\u00f3n profesional espa\u00f1ola de arteterapeutas <span style=\"color: #ff6600;\"><a style=\"color: #ff6600;\" href=\"http:\/\/www.arteterapia.org.es\/\" target=\"_blank\" rel=\"noopener\">www.arteterapia.org.es<\/a><\/span><\/li>\n<li>ADMTE Asociaci\u00f3n Danza Movimiento Terapia Espa\u00f1ola\u00a0\u00a0\u00a0<span style=\"color: #ff6600;\"> <a style=\"color: #ff6600;\" href=\"https:\/\/www.danzamovimientoterapia.com\/\" target=\"_blank\" rel=\"noopener\">https:\/\/www.danzamovimientoterapia.com\/<\/a><\/span><\/li>\n<li>ECPNA Escuela de Cl\u00ednica Psicoanal\u00edtica con Ni\u00f1os y Adolescentes. <span style=\"color: #ff6600;\"><a style=\"color: #ff6600;\" href=\"http:\/\/www.ecpna.com\/\" target=\"_blank\" rel=\"noopener\">www.ecpna.com<\/a><\/span><\/li>\n<li>COS Cooperativa de Salut. <span style=\"color: #ff6600;\"><a style=\"color: #ff6600;\" href=\"http:\/\/www.cos.coop\/es\" target=\"_blank\" rel=\"noopener\">www.cos.coop\/es<\/a><\/span><\/li>\n<li>Fundaci\u00f3 Vicki Bernadet. <span style=\"color: #ff6600;\"><a style=\"color: #ff6600;\" href=\"https:\/\/www.fbernadet.org\/es\" target=\"_blank\" rel=\"noopener\">https:\/\/www.fbernadet.org\/es<\/a><\/span><\/li>\n<li>UPS Unitat de Pediatria Social. Fundaci\u00f3 C. Juvanteny. <span style=\"color: #ff6600;\"><a style=\"color: #ff6600;\" href=\"http:\/\/www.fundacio-c-juvanteny.org\/ca\/que-fem\/unitat-de-pediatria-social.html\" target=\"_blank\" rel=\"noopener\">http:\/\/www.fundacio-c-juvanteny.org\/<\/a><\/span><\/li>\n<li>Fundaci\u00f3 Maria Ravent\u00f3s <a href=\"https:\/\/fmraventos.org\/\" target=\"_blank\" rel=\"noopener\"><span style=\"color: #ff6600;\">https:\/\/fmraventos.org<\/span><\/a><\/li>\n<li>Anna Freud National Centre for children ans families <span style=\"color: #ff6600;\"><a style=\"color: #ff6600;\" href=\"http:\/\/www.annafreud.org\/\">www.annafreud.org<\/a><\/span><\/li>\n<li>Grupo Psicoanal\u00edtico de Barcelona (GPB) <span style=\"color: #ff6600;\"><a style=\"color: #ff6600;\" href=\"http:\/\/www.gpbarcelona.org\/\">www.gpbarcelona.org\/<\/a><\/span><\/li>\n<\/ul>\n","protected":false},"excerpt":{"rendered":"<p>COPC (Col\u00b7legi Oficial de Psic\u00f2legs de Catalunya)\u00a0https:\/\/www.copc.cat COP \u00a0 (Consejo General de la Psicolog\u00eda de Espa\u00f1a) https:\/\/www.cop.es SEP (Sociedad Espa\u00f1ola de Psicoan\u00e1lisis)\u00a0www.sep-psicoanalisi.org IPA (International Psychoanalytical Society) www.ipa.world GAP\u00a0(Grup Assemblea Psicoanal\u00edtic) FVB (Fundaci\u00f3n vidal i Barraquer)\u00a0www.fvb.cat SCRIMP (Societat Catalana del Rorschach &hellip; <a href=\"http:\/\/rosa-royo-esques.es\/esp\/enlaces\/\">Continuar<\/a><\/p>\n","protected":false},"author":1,"featured_media":0,"parent":0,"menu_order":0,"comment_status":"closed","ping_status":"closed","template":"","meta":{"footnotes":""},"class_list":["post-13","page","type-page","status-publish","hentry"],"_links":{"self":[{"href":"http:\/\/rosa-royo-esques.es\/esp\/wp-json\/wp\/v2\/pages\/13","targetHints":{"allow":["GET"]}}],"collection":[{"href":"http:\/\/rosa-royo-esques.es\/esp\/wp-json\/wp\/v2\/pages"}],"about":[{"href":"http:\/\/rosa-royo-esques.es\/esp\/wp-json\/wp\/v2\/types\/page"}],"author":[{"embeddable":true,"href":"http:\/\/rosa-royo-esques.es\/esp\/wp-json\/wp\/v2\/users\/1"}],"replies":[{"embeddable":true,"href":"http:\/\/rosa-royo-esques.es\/esp\/wp-json\/wp\/v2\/comments?post=13"}],"version-history":[{"count":8,"href":"http:\/\/rosa-royo-esques.es\/esp\/wp-json\/wp\/v2\/pages\/13\/revisions"}],"predecessor-version":[{"id":231,"href":"http:\/\/rosa-royo-esques.es\/esp\/wp-json\/wp\/v2\/pages\/13\/revisions\/231"}],"wp:attachment":[{"href":"http:\/\/rosa-royo-esques.es\/esp\/wp-json\/wp\/v2\/media?parent=13"}],"curies":[{"name":"wp","href":"https:\/\/api.w.org\/{rel}","templated":true}]}}