{"id":15,"date":"2018-08-28T21:33:09","date_gmt":"2018-08-28T21:33:09","guid":{"rendered":"http:\/\/rosa-royo-esques.es\/esp\/?page_id=15"},"modified":"2026-01-10T18:06:48","modified_gmt":"2026-01-10T18:06:48","slug":"presentacion","status":"publish","type":"page","link":"http:\/\/rosa-royo-esques.es\/esp\/presentacion\/","title":{"rendered":"Presentaci\u00f3n"},"content":{"rendered":"<h3><span style=\"color: #4887ab;\"><strong>ROSA ROYO ESQU\u00c9S<\/strong><\/span><\/h3>\n<p><span style=\"color: #4887ab;\"><strong>Psic\u00f3loga Cl\u00ednica. Psicoanalista.<\/strong><\/span><\/p>\n<p><span style=\"color: #4887ab;\"><strong>Colegiada n\u00ba 262 del\u00a0Colegio Oficial de Psic\u00f3logos de Catalu\u00f1a (COPC)<\/strong><\/span><\/p>\n<div class=\"row\"> <div class=\"col-md-6\">\n<div id=\"metaslider-id-105\" style=\"max-width: 533px;\" class=\"ml-slider-3-104-0 metaslider metaslider-responsive metaslider-105 ml-slider ms-theme-default\" role=\"region\" aria-label=\"Nueva presentaci\u00f3n de diapositivas\" data-height=\"387\" data-width=\"533\">\n    <div id=\"metaslider_container_105\">\n        <ul id='metaslider_105' class='rslides'>\n            <li aria-roledescription='slide' aria-labelledby='slide-0'><img loading=\"lazy\" decoding=\"async\" src=\"http:\/\/rosa-royo-esques.es\/esp\/wp-content\/uploads\/sites\/3\/2018\/09\/Rosa-royo-esques-2.png\" height=\"387\" width=\"533\" alt=\"\" class=\"slider-105 slide-106 msDefaultImage\" title=\"Rosa-royo-esques-2\" \/><\/li>\n            <li style='display: none;' aria-roledescription='slide' aria-labelledby='slide-1'><img loading=\"lazy\" decoding=\"async\" src=\"http:\/\/rosa-royo-esques.es\/esp\/wp-content\/uploads\/sites\/3\/2018\/09\/a-presentacion-2.jpg\" height=\"387\" width=\"533\" alt=\"\" class=\"slider-105 slide-108 msDefaultImage\" title=\"a-presentacion-2\" \/><\/li>\n            <li style='display: none;' aria-roledescription='slide' aria-labelledby='slide-2'><img loading=\"lazy\" decoding=\"async\" src=\"http:\/\/rosa-royo-esques.es\/esp\/wp-content\/uploads\/sites\/3\/2018\/09\/a-presentacion-3.jpg\" height=\"387\" width=\"533\" alt=\"\" class=\"slider-105 slide-110 msDefaultImage\" title=\"a-presentacion-3\" \/><\/li>\n        <\/ul>\n        \n    <\/div>\n<\/div>\n<\/div><div class=\"col-md-6\">\n<p style=\"text-align: justify;\">Nac\u00ed en Barcelona, ciudad en la que me licenci\u00e9 como psic\u00f3loga en el a\u00f1o 1982 y en la que, desde entonces, trabajo como psic\u00f3loga cl\u00ednica y psicoanalista.<\/p>\n<p style=\"text-align: justify;\">Despu\u00e9s de la licenciatura continu\u00e9 la formaci\u00f3n en \u00e1reas fundamentales para una buena atenci\u00f3n psicol\u00f3gica: Psicodiagn\u00f3stico y Psicoterapia.<\/p>\n<p style=\"text-align: justify;\">El marco de referencia te\u00f3rico en el que me especialic\u00e9, y que sostiene mi pr\u00e1ctica profesional, \u00a0es el psicoanal\u00edtico. En \u00e9l contin\u00fao form\u00e1ndome y \u00a0ense\u00f1ando.<\/p>\n<p style=\"text-align: justify;\">Mi objetivo profesional es ayudar a las personas que lo solicitan a vivir sus vidas de manera m\u00e1s confortable y, en la medida que sea posible, liberarse de padecimientos, responsabilizarse de sus vidas \u00a0y ganar cuotas de libertad personal.<\/p>\n<\/div><\/div>\n<p><span style=\"color: #4887ab;\"><strong>Titulaci\u00f3n <\/strong><\/span><\/p>\n<ul>\n<li>Licenciatura en Filosof\u00eda y Ciencias de la Educaci\u00f3n. Secci\u00f3n Psicolog\u00eda. Universidad Central de Barcelona (UB)<\/li>\n<li>Psic\u00f3loga Especialista en Psicolog\u00eda Cl\u00ednica. Ministerio de Educaci\u00f3n y Ciencia<\/li>\n<li>Psicoanalista. Sociedad Espa\u00f1ola de Psicoan\u00e1lisis. SEP-IPA<\/li>\n<li>Especialista en Psicodiagn\u00f3stico. Sociedad Rorschach y M\u00e9todos Proyectivos. SCRIMP<\/li>\n<li>Especialista en Psicoterapia. Certificado Europeo de acreditaci\u00f3n. EFPA\/COP<\/li>\n<li>Acreditaci\u00f3n como Psicoterapeuta FEAP (Federaci\u00f3n espa\u00f1ola de asociaciones de psicoterapeutas)<\/li>\n<\/ul>\n<p><span style=\"color: #4887ab;\"><strong>Miembro<\/strong><\/span><\/p>\n<ul>\n<li>Sociedad Espa\u00f1ola de Psicoan\u00e1lisis (SEP) y de la International Psychoanalytical Society (IPA).<\/li>\n<li>Sociedad Catalana (SCRIMP), Espa\u00f1ola (SERYMP) e Internacional (ISR) del Rorschach y M\u00e9todos Proyectivos<\/li>\n<li>Asociaci\u00f3n GAP (Grup Assemblea Psicoanal\u00edtica)<\/li>\n<\/ul>\n","protected":false},"excerpt":{"rendered":"<p>ROSA ROYO ESQU\u00c9S Psic\u00f3loga Cl\u00ednica. Psicoanalista. Colegiada n\u00ba 262 del\u00a0Colegio Oficial de Psic\u00f3logos de Catalu\u00f1a (COPC) Titulaci\u00f3n Licenciatura en Filosof\u00eda y Ciencias de la Educaci\u00f3n. Secci\u00f3n Psicolog\u00eda. Universidad Central de Barcelona (UB) Psic\u00f3loga Especialista en Psicolog\u00eda Cl\u00ednica. Ministerio de Educaci\u00f3n &hellip; <a href=\"http:\/\/rosa-royo-esques.es\/esp\/presentacion\/\">Continuar<\/a><\/p>\n","protected":false},"author":1,"featured_media":0,"parent":0,"menu_order":0,"comment_status":"closed","ping_status":"closed","template":"","meta":{"footnotes":""},"class_list":["post-15","page","type-page","status-publish","hentry"],"_links":{"self":[{"href":"http:\/\/rosa-royo-esques.es\/esp\/wp-json\/wp\/v2\/pages\/15","targetHints":{"allow":["GET"]}}],"collection":[{"href":"http:\/\/rosa-royo-esques.es\/esp\/wp-json\/wp\/v2\/pages"}],"about":[{"href":"http:\/\/rosa-royo-esques.es\/esp\/wp-json\/wp\/v2\/types\/page"}],"author":[{"embeddable":true,"href":"http:\/\/rosa-royo-esques.es\/esp\/wp-json\/wp\/v2\/users\/1"}],"replies":[{"embeddable":true,"href":"http:\/\/rosa-royo-esques.es\/esp\/wp-json\/wp\/v2\/comments?post=15"}],"version-history":[{"count":30,"href":"http:\/\/rosa-royo-esques.es\/esp\/wp-json\/wp\/v2\/pages\/15\/revisions"}],"predecessor-version":[{"id":310,"href":"http:\/\/rosa-royo-esques.es\/esp\/wp-json\/wp\/v2\/pages\/15\/revisions\/310"}],"wp:attachment":[{"href":"http:\/\/rosa-royo-esques.es\/esp\/wp-json\/wp\/v2\/media?parent=15"}],"curies":[{"name":"wp","href":"https:\/\/api.w.org\/{rel}","templated":true}]}}