{"id":24,"date":"2018-08-28T21:39:27","date_gmt":"2018-08-28T21:39:27","guid":{"rendered":"http:\/\/rosa-royo-esques.es\/esp\/?page_id=24"},"modified":"2018-10-05T01:19:45","modified_gmt":"2018-10-05T01:19:45","slug":"24-2","status":"publish","type":"page","link":"http:\/\/rosa-royo-esques.es\/esp\/","title":{"rendered":""},"content":{"rendered":"<h4 style=\"text-align: justify;\">Recibir asistencia psicol\u00f3gica es un camino para recuperar el bienestar emocional.<br \/>\n<span lang=\"ES-TRAD\">Lograr una mejor comprensi\u00f3n de uno mismo facilita<\/span> las soluciones m\u00e1s adecuadas<br \/>\npara resolver los problemas que\u00a0causan el malestar, disminuir el sufrimiento y<br \/>\nmejorar\u00a0la calidad de vida.<\/h4>\n<p>&nbsp;<\/p>\n<h4 style=\"text-align: right;\"><em>\u201cHay una grieta en todas las cosas: Ah\u00ed es por donde entra la luz\u201d <\/em><\/h4>\n<h5 style=\"text-align: right;\"><em>Leonard Cohen. Poeta, novelista y cantautor<\/em><\/h5>\n","protected":false},"excerpt":{"rendered":"<p>Recibir asistencia psicol\u00f3gica es un camino para recuperar el bienestar emocional. Lograr una mejor comprensi\u00f3n de uno mismo facilita las soluciones m\u00e1s adecuadas para resolver los problemas que\u00a0causan el malestar, disminuir el sufrimiento y mejorar\u00a0la calidad de vida. &nbsp; \u201cHay &hellip; <a href=\"http:\/\/rosa-royo-esques.es\/esp\/\">Continuar<\/a><\/p>\n","protected":false},"author":1,"featured_media":0,"parent":0,"menu_order":0,"comment_status":"closed","ping_status":"closed","template":"","meta":{"footnotes":""},"class_list":["post-24","page","type-page","status-publish","hentry"],"_links":{"self":[{"href":"http:\/\/rosa-royo-esques.es\/esp\/wp-json\/wp\/v2\/pages\/24","targetHints":{"allow":["GET"]}}],"collection":[{"href":"http:\/\/rosa-royo-esques.es\/esp\/wp-json\/wp\/v2\/pages"}],"about":[{"href":"http:\/\/rosa-royo-esques.es\/esp\/wp-json\/wp\/v2\/types\/page"}],"author":[{"embeddable":true,"href":"http:\/\/rosa-royo-esques.es\/esp\/wp-json\/wp\/v2\/users\/1"}],"replies":[{"embeddable":true,"href":"http:\/\/rosa-royo-esques.es\/esp\/wp-json\/wp\/v2\/comments?post=24"}],"version-history":[{"count":17,"href":"http:\/\/rosa-royo-esques.es\/esp\/wp-json\/wp\/v2\/pages\/24\/revisions"}],"predecessor-version":[{"id":233,"href":"http:\/\/rosa-royo-esques.es\/esp\/wp-json\/wp\/v2\/pages\/24\/revisions\/233"}],"wp:attachment":[{"href":"http:\/\/rosa-royo-esques.es\/esp\/wp-json\/wp\/v2\/media?parent=24"}],"curies":[{"name":"wp","href":"https:\/\/api.w.org\/{rel}","templated":true}]}}